{"id":1389,"date":"2021-02-27T16:50:52","date_gmt":"2021-02-27T21:50:52","guid":{"rendered":"http:\/\/koifactory.com\/?page_id=1389"},"modified":"2021-02-27T16:52:26","modified_gmt":"2021-02-27T21:52:26","slug":"","status":"publish","type":"page","link":"https:\/\/koifactory.com\/animation\/","title":{"rendered":"Anima\u00e7\u00e3o","raw":"Anima\u00e7\u00e3o"},"content":{"rendered":"","protected":false,"raw":""},"excerpt":{"rendered":"","protected":false,"raw":""},"author":1,"featured_media":0,"parent":0,"menu_order":0,"comment_status":"closed","ping_status":"closed","template":"pages\/animation.php","meta":{"_en_post_content":"","_en_post_name":"animation","_en_post_excerpt":"","_en_post_title":"Animation","_pt_post_content":"","_pt_post_name":"","_pt_post_excerpt":"","_pt_post_title":"Anima\u00e7\u00e3o","edit_language":"pt"},"_links":{"self":[{"href":"https:\/\/koifactory.com\/wp-json\/wp\/v2\/pages\/1389"}],"collection":[{"href":"https:\/\/koifactory.com\/wp-json\/wp\/v2\/pages"}],"about":[{"href":"https:\/\/koifactory.com\/wp-json\/wp\/v2\/types\/page"}],"author":[{"embeddable":true,"href":"https:\/\/koifactory.com\/wp-json\/wp\/v2\/users\/1"}],"replies":[{"embeddable":true,"href":"https:\/\/koifactory.com\/wp-json\/wp\/v2\/comments?post=1389"}],"version-history":[{"count":0,"href":"https:\/\/koifactory.com\/wp-json\/wp\/v2\/pages\/1389\/revisions"}],"wp:attachment":[{"href":"https:\/\/koifactory.com\/wp-json\/wp\/v2\/media?parent=1389"}],"curies":[{"name":"wp","href":"https:\/\/api.w.org\/{rel}","templated":true}]}}